{"id":2614,"date":"2025-08-20T03:10:45","date_gmt":"2025-08-20T03:10:45","guid":{"rendered":"https:\/\/m2mproduction.vn\/?page_id=2614"},"modified":"2025-08-20T08:10:07","modified_gmt":"2025-08-20T08:10:07","slug":"lien-he","status":"publish","type":"page","link":"https:\/\/m2mproduction.vn\/en\/lien-he\/","title":{"rendered":"Li\u00ean H\u1ec7"},"content":{"rendered":"<div data-elementor-type=\"wp-page\" data-elementor-id=\"2614\" class=\"elementor elementor-2614\" data-elementor-post-type=\"page\">\n\t\t\t\t<div class=\"elementor-element elementor-element-7dc830a6 e-flex e-con-boxed e-con e-parent\" data-id=\"7dc830a6\" data-element_type=\"container\" data-settings=\"{&quot;background_background&quot;:&quot;classic&quot;}\">\n\t\t\t\t\t<div class=\"e-con-inner\">\n\t\t<div class=\"elementor-element elementor-element-24af9520 e-con-full e-flex e-con e-child\" data-id=\"24af9520\" data-element_type=\"container\">\n\t\t\t\t<div class=\"elementor-element elementor-element-93ba608 elementor-invisible elementor-widget elementor-widget-heading\" data-id=\"93ba608\" data-element_type=\"widget\" data-settings=\"{&quot;_animation&quot;:&quot;fadeInRight&quot;,&quot;_animation_delay&quot;:200}\" data-widget_type=\"heading.default\">\n\t\t\t\t<div class=\"elementor-widget-container\">\n\t\t\t\t\t<h1 class=\"elementor-heading-title elementor-size-default\">Li\u00ean H\u1ec7<\/h1>\t\t\t\t<\/div>\n\t\t\t\t<\/div>\n\t\t<div class=\"elementor-element elementor-element-36bc640a e-con-full e-flex e-con e-child\" data-id=\"36bc640a\" data-element_type=\"container\">\n\t\t\t\t<div class=\"elementor-element elementor-element-11de53d4 elementor-widget__width-initial elementor-widget-mobile__width-inherit elementor-invisible elementor-widget elementor-widget-heading\" data-id=\"11de53d4\" data-element_type=\"widget\" data-settings=\"{&quot;_animation&quot;:&quot;fadeInLeft&quot;,&quot;_animation_delay&quot;:200}\" data-widget_type=\"heading.default\">\n\t\t\t\t<div class=\"elementor-widget-container\">\n\t\t\t\t\t<h4 class=\"elementor-heading-title elementor-size-default\">M\u1ed9t B\u1ed9 Phim Doanh Nghi\u1ec7p \u0110\u00fang H\u01b0\u1edbng Gi\u00fap B\u1ea1n B\u00e1n H\u00e0ng Hi\u1ec7u Qu\u1ea3 H\u01a1n\n<\/h4>\t\t\t\t<\/div>\n\t\t\t\t<\/div>\n\t\t\t\t<div class=\"elementor-element elementor-element-2aef026e elementor-icon-list--layout-inline elementor-list-item-link-full_width elementor-invisible elementor-widget elementor-widget-icon-list\" data-id=\"2aef026e\" data-element_type=\"widget\" data-settings=\"{&quot;_animation&quot;:&quot;fadeInRight&quot;,&quot;_animation_delay&quot;:300}\" data-widget_type=\"icon-list.default\">\n\t\t\t\t<div class=\"elementor-widget-container\">\n\t\t\t\t\t\t\t<ul class=\"elementor-icon-list-items elementor-inline-items\">\n\t\t\t\t\t\t\t<li class=\"elementor-icon-list-item elementor-inline-item\">\n\t\t\t\t\t\t\t\t\t\t\t<a href=\"https:\/\/m2mproduction.vn\/en\">\n\n\t\t\t\t\t\t\t\t\t\t\t<span class=\"elementor-icon-list-text\">Home<\/span>\n\t\t\t\t\t\t\t\t\t\t\t<\/a>\n\t\t\t\t\t\t\t\t\t<\/li>\n\t\t\t\t\t\t\t\t<li class=\"elementor-icon-list-item elementor-inline-item\">\n\t\t\t\t\t\t\t\t\t\t\t<span class=\"elementor-icon-list-icon\">\n\t\t\t\t\t\t\t<svg aria-hidden=\"true\" class=\"e-font-icon-svg e-fas-chevron-right\" viewbox=\"0 0 320 512\" xmlns=\"http:\/\/www.w3.org\/2000\/svg\"><path d=\"M285.476 272.971L91.132 467.314c-9.373 9.373-24.569 9.373-33.941 0l-22.667-22.667c-9.357-9.357-9.375-24.522-.04-33.901L188.505 256 34.484 101.255c-9.335-9.379-9.317-24.544.04-33.901l22.667-22.667c9.373-9.373 24.569-9.373 33.941 0L285.475 239.03c9.373 9.372 9.373 24.568.001 33.941z\"><\/path><\/svg>\t\t\t\t\t\t<\/span>\n\t\t\t\t\t\t\t\t\t\t<span class=\"elementor-icon-list-text\">Li\u00ean H\u1ec7<\/span>\n\t\t\t\t\t\t\t\t\t<\/li>\n\t\t\t\t\t\t<\/ul>\n\t\t\t\t\t\t<\/div>\n\t\t\t\t<\/div>\n\t\t\t\t<\/div>\n\t\t\t\t<\/div>\n\t\t\t\t\t<\/div>\n\t\t\t\t<\/div>\n\t\t<div class=\"elementor-element elementor-element-3c5f146e e-flex e-con-boxed e-con e-parent\" data-id=\"3c5f146e\" data-element_type=\"container\">\n\t\t\t\t\t<div class=\"e-con-inner\">\n\t\t<div class=\"elementor-element elementor-element-4b2095fc e-con-full e-flex e-con e-child\" data-id=\"4b2095fc\" data-element_type=\"container\" data-settings=\"{&quot;background_background&quot;:&quot;classic&quot;}\">\n\t\t<div class=\"elementor-element elementor-element-26506a84 e-con-full e-flex e-con e-child\" data-id=\"26506a84\" data-element_type=\"container\" data-settings=\"{&quot;background_background&quot;:&quot;classic&quot;}\">\n\t\t<div class=\"elementor-element elementor-element-20a37f79 e-con-full e-flex elementor-invisible e-con e-child\" data-id=\"20a37f79\" data-element_type=\"container\" data-settings=\"{&quot;animation&quot;:&quot;fadeInUp&quot;,&quot;animation_delay&quot;:200}\">\n\t\t\t\t<div class=\"elementor-element elementor-element-16e69cc4 elementor-widget elementor-widget-heading\" data-id=\"16e69cc4\" data-element_type=\"widget\" data-widget_type=\"heading.default\">\n\t\t\t\t<div class=\"elementor-widget-container\">\n\t\t\t\t\t<h6 class=\"elementor-heading-title elementor-size-default\">\u0110\u01b0a th\u01b0\u01a1ng hi\u1ec7u v\u00e0o tr\u00e1i tim kh\u00e1ch h\u00e0ng b\u1eb1ng nh\u1eefng th\u01b0\u1edbc phim.<\/h6>\t\t\t\t<\/div>\n\t\t\t\t<\/div>\n\t\t\t\t<div class=\"elementor-element elementor-element-4cdd9b66 elementor-widget elementor-widget-heading\" data-id=\"4cdd9b66\" data-element_type=\"widget\" data-widget_type=\"heading.default\">\n\t\t\t\t<div class=\"elementor-widget-container\">\n\t\t\t\t\t<h2 class=\"elementor-heading-title elementor-size-default\">Li\u00ean H\u1ec7 M2M Production Ngay \u0110\u1ec3 Nh\u1eadn B\u00e1o Gi\u00e1 T\u1ed1t\n<\/h2>\t\t\t\t<\/div>\n\t\t\t\t<\/div>\n\t\t\t\t<\/div>\n\t\t<div class=\"elementor-element elementor-element-370b59c5 e-con-full e-flex elementor-invisible e-con e-child\" data-id=\"370b59c5\" data-element_type=\"container\" data-settings=\"{&quot;animation&quot;:&quot;fadeInDown&quot;,&quot;animation_delay&quot;:300}\">\n\t\t\t\t<div class=\"elementor-element elementor-element-3988aecc elementor-view-stacked elementor-shape-rounded elementor-position-left elementor-mobile-position-left elementor-vertical-align-top elementor-widget elementor-widget-icon-box\" data-id=\"3988aecc\" data-element_type=\"widget\" data-widget_type=\"icon-box.default\">\n\t\t\t\t<div class=\"elementor-widget-container\">\n\t\t\t\t\t\t\t<div class=\"elementor-icon-box-wrapper\">\n\n\t\t\t\t\t\t<div class=\"elementor-icon-box-icon\">\n\t\t\t\t<span  class=\"elementor-icon\">\n\t\t\t\t<i aria-hidden=\"true\" class=\"icon icon-building\"><\/i>\t\t\t\t<\/span>\n\t\t\t<\/div>\n\t\t\t\n\t\t\t\t\t\t<div class=\"elementor-icon-box-content\">\n\n\t\t\t\t\t\t\t\t\t<div class=\"elementor-icon-box-title\">\n\t\t\t\t\t\t<span  >\n\t\t\t\t\t\t\tV\u0103n Ph\u00f2ng\t\t\t\t\t\t<\/span>\n\t\t\t\t\t<\/div>\n\t\t\t\t\n\t\t\t\t\t\t\t\t\t<p class=\"elementor-icon-box-description\">\n\t\t\t\t\t\t36\/72 Nguy\u1ec5n Gia Tr\u00ed, Ph\u01b0\u1eddng Th\u1ea1nh, M\u1ef9 T\u00e2y, H\u1ed3 Ch\u00ed Minh.\t\t\t\t\t<\/p>\n\t\t\t\t\n\t\t\t<\/div>\n\t\t\t\n\t\t<\/div>\n\t\t\t\t\t\t<\/div>\n\t\t\t\t<\/div>\n\t\t\t\t<div class=\"elementor-element elementor-element-386d575c elementor-view-stacked elementor-shape-rounded elementor-position-left elementor-mobile-position-left elementor-vertical-align-top elementor-widget elementor-widget-icon-box\" data-id=\"386d575c\" data-element_type=\"widget\" data-widget_type=\"icon-box.default\">\n\t\t\t\t<div class=\"elementor-widget-container\">\n\t\t\t\t\t\t\t<div class=\"elementor-icon-box-wrapper\">\n\n\t\t\t\t\t\t<div class=\"elementor-icon-box-icon\">\n\t\t\t\t<span  class=\"elementor-icon\">\n\t\t\t\t<i aria-hidden=\"true\" class=\"icon icon-email1\"><\/i>\t\t\t\t<\/span>\n\t\t\t<\/div>\n\t\t\t\n\t\t\t\t\t\t<div class=\"elementor-icon-box-content\">\n\n\t\t\t\t\t\t\t\t\t<div class=\"elementor-icon-box-title\">\n\t\t\t\t\t\t<span  >\n\t\t\t\t\t\t\tEmail T\u01b0 V\u1ea5n & Nh\u1eadn B\u00e1o Gi\u00e1\t\t\t\t\t\t<\/span>\n\t\t\t\t\t<\/div>\n\t\t\t\t\n\t\t\t\t\t\t\t\t\t<p class=\"elementor-icon-box-description\">\n\t\t\t\t\t\tcskh@m2mproduction.vn\t\t\t\t\t<\/p>\n\t\t\t\t\n\t\t\t<\/div>\n\t\t\t\n\t\t<\/div>\n\t\t\t\t\t\t<\/div>\n\t\t\t\t<\/div>\n\t\t\t\t<div class=\"elementor-element elementor-element-12fad97 elementor-view-stacked elementor-shape-rounded elementor-position-left elementor-mobile-position-left elementor-vertical-align-top elementor-widget elementor-widget-icon-box\" data-id=\"12fad97\" data-element_type=\"widget\" data-widget_type=\"icon-box.default\">\n\t\t\t\t<div class=\"elementor-widget-container\">\n\t\t\t\t\t\t\t<div class=\"elementor-icon-box-wrapper\">\n\n\t\t\t\t\t\t<div class=\"elementor-icon-box-icon\">\n\t\t\t\t<span  class=\"elementor-icon\">\n\t\t\t\t<svg aria-hidden=\"true\" class=\"e-font-icon-svg e-fas-phone-volume\" viewbox=\"0 0 384 512\" xmlns=\"http:\/\/www.w3.org\/2000\/svg\"><path d=\"M97.333 506.966c-129.874-129.874-129.681-340.252 0-469.933 5.698-5.698 14.527-6.632 21.263-2.422l64.817 40.513a17.187 17.187 0 0 1 6.849 20.958l-32.408 81.021a17.188 17.188 0 0 1-17.669 10.719l-55.81-5.58c-21.051 58.261-20.612 122.471 0 179.515l55.811-5.581a17.188 17.188 0 0 1 17.669 10.719l32.408 81.022a17.188 17.188 0 0 1-6.849 20.958l-64.817 40.513a17.19 17.19 0 0 1-21.264-2.422zM247.126 95.473c11.832 20.047 11.832 45.008 0 65.055-3.95 6.693-13.108 7.959-18.718 2.581l-5.975-5.726c-3.911-3.748-4.793-9.622-2.261-14.41a32.063 32.063 0 0 0 0-29.945c-2.533-4.788-1.65-10.662 2.261-14.41l5.975-5.726c5.61-5.378 14.768-4.112 18.718 2.581zm91.787-91.187c60.14 71.604 60.092 175.882 0 247.428-4.474 5.327-12.53 5.746-17.552.933l-5.798-5.557c-4.56-4.371-4.977-11.529-.93-16.379 49.687-59.538 49.646-145.933 0-205.422-4.047-4.85-3.631-12.008.93-16.379l5.798-5.557c5.022-4.813 13.078-4.394 17.552.933zm-45.972 44.941c36.05 46.322 36.108 111.149 0 157.546-4.39 5.641-12.697 6.251-17.856 1.304l-5.818-5.579c-4.4-4.219-4.998-11.095-1.285-15.931 26.536-34.564 26.534-82.572 0-117.134-3.713-4.836-3.115-11.711 1.285-15.931l5.818-5.579c5.159-4.947 13.466-4.337 17.856 1.304z\"><\/path><\/svg>\t\t\t\t<\/span>\n\t\t\t<\/div>\n\t\t\t\n\t\t\t\t\t\t<div class=\"elementor-icon-box-content\">\n\n\t\t\t\t\t\t\t\t\t<div class=\"elementor-icon-box-title\">\n\t\t\t\t\t\t<span  >\n\t\t\t\t\t\t\tHotline\/Zalo\t\t\t\t\t\t<\/span>\n\t\t\t\t\t<\/div>\n\t\t\t\t\n\t\t\t\t\t\t\t\t\t<p class=\"elementor-icon-box-description\">\n\t\t\t\t\t\tPhone : + 0921.678.266\t\t\t\t\t<\/p>\n\t\t\t\t\n\t\t\t<\/div>\n\t\t\t\n\t\t<\/div>\n\t\t\t\t\t\t<\/div>\n\t\t\t\t<\/div>\n\t\t\t\t<\/div>\n\t\t\t\t<\/div>\n\t\t<div class=\"elementor-element elementor-element-1f0ad2c2 e-con-full e-flex elementor-invisible e-con e-child\" data-id=\"1f0ad2c2\" data-element_type=\"container\" data-settings=\"{&quot;animation&quot;:&quot;fadeInRight&quot;,&quot;animation_delay&quot;:200}\">\n\t\t\t\t<div class=\"elementor-element elementor-element-2eb5a14c elementor-widget elementor-widget-heading\" data-id=\"2eb5a14c\" data-element_type=\"widget\" data-widget_type=\"heading.default\">\n\t\t\t\t<div class=\"elementor-widget-container\">\n\t\t\t\t\t<h6 class=\"elementor-heading-title elementor-size-default\">B\u1eaft \u0111\u1ea7u d\u1ef1 \u00e1n c\u00f9ng M2M Production<\/h6>\t\t\t\t<\/div>\n\t\t\t\t<\/div>\n\t\t\t\t<div class=\"elementor-element elementor-element-62933f2c elementor-widget elementor-widget-heading\" data-id=\"62933f2c\" data-element_type=\"widget\" data-widget_type=\"heading.default\">\n\t\t\t\t<div class=\"elementor-widget-container\">\n\t\t\t\t\t<h2 class=\"elementor-heading-title elementor-size-default\">NH\u1eacN T\u01af V\u1ea4N MI\u1ec4N PH\u00cd<\/h2>\t\t\t\t<\/div>\n\t\t\t\t<\/div>\n\t\t\t\t<div class=\"elementor-element elementor-element-e10e30c elementor-button-align-start elementor-invisible elementor-widget elementor-widget-form\" data-id=\"e10e30c\" data-element_type=\"widget\" data-settings=\"{&quot;step_next_label&quot;:&quot;Next&quot;,&quot;step_previous_label&quot;:&quot;Previous&quot;,&quot;_animation&quot;:&quot;slideInRight&quot;,&quot;button_width&quot;:&quot;100&quot;,&quot;step_type&quot;:&quot;number_text&quot;,&quot;step_icon_shape&quot;:&quot;circle&quot;}\" data-widget_type=\"form.default\">\n\t\t\t\t<div class=\"elementor-widget-container\">\n\t\t\t\t\t\t\t<form class=\"elementor-form\" method=\"post\" name=\"New Form\" action=\"\">\n\t\t\t<input type=\"hidden\" name=\"post_id\" value=\"2614\"\/>\n\t\t\t<input type=\"hidden\" name=\"form_id\" value=\"e10e30c\"\/>\n\t\t\t<input type=\"hidden\" name=\"referer_title\" value=\"Li\u00ean H\u1ec7 - M2M\" \/>\n\n\t\t\t\t\t\t\t<input type=\"hidden\" name=\"queried_id\" value=\"2614\"\/>\n\t\t\t\n\t\t\t<div class=\"elementor-form-fields-wrapper elementor-labels-above\">\n\t\t\t\t\t\t\t\t<div class=\"elementor-field-type-text elementor-field-group elementor-column elementor-field-group-name elementor-col-50\">\n\t\t\t\t\t\t\t\t\t\t\t\t<label for=\"form-field-name\" class=\"elementor-field-label\">\n\t\t\t\t\t\t\t\tT\u00ean\t\t\t\t\t\t\t<\/label>\n\t\t\t\t\t\t\t\t\t\t\t\t\t\t<input size=\"1\" type=\"text\" name=\"form_fields[name]\" id=\"form-field-name\" class=\"elementor-field elementor-size-sm  elementor-field-textual\" placeholder=\"Name\">\n\t\t\t\t\t\t\t\t\t\t\t<\/div>\n\t\t\t\t\t\t\t\t<div class=\"elementor-field-type-text elementor-field-group elementor-column elementor-field-group-field_64f6e01 elementor-col-50\">\n\t\t\t\t\t\t\t\t\t\t\t\t<label for=\"form-field-field_64f6e01\" class=\"elementor-field-label\">\n\t\t\t\t\t\t\t\tT\u00ean C\u00f4ng Ty\t\t\t\t\t\t\t<\/label>\n\t\t\t\t\t\t\t\t\t\t\t\t\t\t<input size=\"1\" type=\"text\" name=\"form_fields[field_64f6e01]\" id=\"form-field-field_64f6e01\" class=\"elementor-field elementor-size-sm  elementor-field-textual\" placeholder=\"Company\">\n\t\t\t\t\t\t\t\t\t\t\t<\/div>\n\t\t\t\t\t\t\t\t<div class=\"elementor-field-type-tel elementor-field-group elementor-column elementor-field-group-field_7e3edf7 elementor-col-50\">\n\t\t\t\t\t\t\t\t\t\t\t\t<label for=\"form-field-field_7e3edf7\" class=\"elementor-field-label\">\n\t\t\t\t\t\t\t\tS\u1ed1 \u0110i\u1ec7n Tho\u1ea1i\t\t\t\t\t\t\t<\/label>\n\t\t\t\t\t\t\t\t<input size=\"1\" type=\"tel\" name=\"form_fields[field_7e3edf7]\" id=\"form-field-field_7e3edf7\" class=\"elementor-field elementor-size-sm  elementor-field-textual\" placeholder=\"Phone\" pattern=\"[0-9()#&amp;+*-=.]+\" title=\"Only numbers and phone characters (#, -, *, etc) are accepted.\">\n\n\t\t\t\t\t\t<\/div>\n\t\t\t\t\t\t\t\t<div class=\"elementor-field-type-email elementor-field-group elementor-column elementor-field-group-email elementor-col-50 elementor-field-required\">\n\t\t\t\t\t\t\t\t\t\t\t\t<label for=\"form-field-email\" class=\"elementor-field-label\">\n\t\t\t\t\t\t\t\tEmail\t\t\t\t\t\t\t<\/label>\n\t\t\t\t\t\t\t\t\t\t\t\t\t\t<input size=\"1\" type=\"email\" name=\"form_fields[email]\" id=\"form-field-email\" class=\"elementor-field elementor-size-sm  elementor-field-textual\" placeholder=\"Email\" required=\"required\" aria-required=\"true\">\n\t\t\t\t\t\t\t\t\t\t\t<\/div>\n\t\t\t\t\t\t\t\t<div class=\"elementor-field-type-select elementor-field-group elementor-column elementor-field-group-field_520c569 elementor-col-100 elementor-field-required\">\n\t\t\t\t\t\t\t\t\t\t\t\t<label for=\"form-field-field_520c569\" class=\"elementor-field-label\">\n\t\t\t\t\t\t\t\tLo\u1ea1i D\u1ecbch V\u1ee5 B\u1ea1n \u0110ang Quan T\u00e2m\t\t\t\t\t\t\t<\/label>\n\t\t\t\t\t\t\t\t<div class=\"elementor-field elementor-select-wrapper remove-before\">\n\t\t\t<div class=\"select-caret-down-wrapper\">\n\t\t\t\t<svg aria-hidden=\"true\" class=\"e-font-icon-svg e-eicon-caret-down\" viewbox=\"0 0 571.4 571.4\" xmlns=\"http:\/\/www.w3.org\/2000\/svg\"><path d=\"M571 393Q571 407 561 418L311 668Q300 679 286 679T261 668L11 418Q0 407 0 393T11 368 36 357H536Q550 357 561 368T571 393Z\"><\/path><\/svg>\t\t\t<\/div>\n\t\t\t<select name=\"form_fields[field_520c569]\" id=\"form-field-field_520c569\" class=\"elementor-field-textual elementor-size-sm\" required=\"required\" aria-required=\"true\">\n\t\t\t\t\t\t\t\t\t<option value=\"phim_doanh_nghiep\">Phim Doanh Nghi\u1ec7p<\/option>\n\t\t\t\t\t\t\t\t\t<option value=\"phim_tvc_quang_cao\">Phim TVC Qu\u1ea3ng C\u00e1o<\/option>\n\t\t\t\t\t\t\t\t\t<option value=\"video_tiktok_viral\">Video TikTok Viral<\/option>\n\t\t\t\t\t\t\t\t\t<option value=\"chup_anh_san_pham\">Ch\u1ee5p \u1ea2nh S\u1ea3n Ph\u1ea9m<\/option>\n\t\t\t\t\t\t\t\t\t<option value=\"chup_anh_doanh_nghiep\">Ch\u1ee5p \u1ea2nh Doanh Nghi\u1ec7p<\/option>\n\t\t\t\t\t\t\t\t\t<option value=\"hau_ky\">X\u1eed L\u00fd H\u1eadu K\u1ef3 2D\/3D<\/option>\n\t\t\t\t\t\t\t<\/select>\n\t\t<\/div>\n\t\t\t\t\t\t<\/div>\n\t\t\t\t\t\t\t\t<div class=\"elementor-field-type-select elementor-field-group elementor-column elementor-field-group-message elementor-col-100\">\n\t\t\t\t\t\t\t\t\t\t\t\t<label for=\"form-field-message\" class=\"elementor-field-label\">\n\t\t\t\t\t\t\t\tNg\u00e2n S\u00e1ch D\u1ef1 Ki\u1ebfn\t\t\t\t\t\t\t<\/label>\n\t\t\t\t\t\t\t\t<div class=\"elementor-field elementor-select-wrapper remove-before\">\n\t\t\t<div class=\"select-caret-down-wrapper\">\n\t\t\t\t<svg aria-hidden=\"true\" class=\"e-font-icon-svg e-eicon-caret-down\" viewbox=\"0 0 571.4 571.4\" xmlns=\"http:\/\/www.w3.org\/2000\/svg\"><path d=\"M571 393Q571 407 561 418L311 668Q300 679 286 679T261 668L11 418Q0 407 0 393T11 368 36 357H536Q550 357 561 368T571 393Z\"><\/path><\/svg>\t\t\t<\/div>\n\t\t\t<select name=\"form_fields[message]\" id=\"form-field-message\" class=\"elementor-field-textual elementor-size-sm\">\n\t\t\t\t\t\t\t\t\t<option value=\"D\u01b0\u1edbi 50 tri\u1ec7u\">D\u01b0\u1edbi 50 tri\u1ec7u<\/option>\n\t\t\t\t\t\t\t\t\t<option value=\"50 \u2013 150 tri\u1ec7u\">50 \u2013 150 tri\u1ec7u<\/option>\n\t\t\t\t\t\t\t\t\t<option value=\"150 \u2013 300 tri\u1ec7u\">150 \u2013 300 tri\u1ec7u<\/option>\n\t\t\t\t\t\t\t\t\t<option value=\"Tr\u00ean 300 tri\u1ec7u\">Tr\u00ean 300 tri\u1ec7u<\/option>\n\t\t\t\t\t\t\t\t\t<option value=\"Ch\u01b0a x\u00e1c \u0111\u1ecbnh\">Ch\u01b0a x\u00e1c \u0111\u1ecbnh<\/option>\n\t\t\t\t\t\t\t<\/select>\n\t\t<\/div>\n\t\t\t\t\t\t<\/div>\n\t\t\t\t\t\t\t\t<div class=\"elementor-field-group elementor-column elementor-field-type-submit elementor-col-100 e-form__buttons\">\n\t\t\t\t\t<button class=\"elementor-button elementor-size-sm\" type=\"submit\">\n\t\t\t\t\t\t<span class=\"elementor-button-content-wrapper\">\n\t\t\t\t\t\t\t\t\t\t\t\t\t\t\t<span class=\"elementor-button-icon\">\n\t\t\t\t\t\t\t\t\t<i aria-hidden=\"true\" class=\"mdi mdi-email-outline\"><\/i>\t\t\t\t\t\t\t\t\t\t\t\t\t\t\t\t\t<\/span>\n\t\t\t\t\t\t\t\t\t\t\t\t\t\t\t\t\t\t\t\t\t\t<span class=\"elementor-button-text\">G\u1eedi Y\u00eau C\u1ea7u Ngay<\/span>\n\t\t\t\t\t\t\t\t\t\t\t\t\t<\/span>\n\t\t\t\t\t<\/button>\n\t\t\t\t<\/div>\n\t\t\t<\/div>\n\t\t<input type=\"hidden\" name=\"trp-form-language\" value=\"en\"\/><\/form>\n\t\t\t\t\t\t<\/div>\n\t\t\t\t<\/div>\n\t\t\t\t<\/div>\n\t\t\t\t<\/div>\n\t\t\t\t\t<\/div>\n\t\t\t\t<\/div>\n\t\t<div class=\"elementor-element elementor-element-30f4d9aa e-con-full e-flex e-con e-parent\" data-id=\"30f4d9aa\" data-element_type=\"container\">\n\t\t\t\t<div class=\"elementor-element elementor-element-1f819b6c elementor-widget elementor-widget-google_maps\" data-id=\"1f819b6c\" data-element_type=\"widget\" data-widget_type=\"google_maps.default\">\n\t\t\t\t<div class=\"elementor-widget-container\">\n\t\t\t\t\t\t\t<div class=\"elementor-custom-embed\">\n\t\t\t<iframe loading=\"lazy\"\n\t\t\t\t\tsrc=\"https:\/\/maps.google.com\/maps?q=36%2F72%20Nguy%E1%BB%85n%20Gia%20Tr%C3%AD%2C%20Ph%C6%B0%E1%BB%9Dng%20Th%E1%BA%A1nh%2C%20M%E1%BB%B9%20T%C3%A2y%2C%20H%E1%BB%93%20Ch%C3%AD%20Minh%2070000&#038;t=m&#038;z=16&#038;output=embed&#038;iwloc=near\"\n\t\t\t\t\ttitle=\"36\/72 Nguy\u1ec5n Gia Tr\u00ed, Ph\u01b0\u1eddng Th\u1ea1nh, M\u1ef9 T\u00e2y, H\u1ed3 Ch\u00ed Minh 70000\"\n\t\t\t\t\taria-label=\"36\/72 Nguy\u1ec5n Gia Tr\u00ed, Ph\u01b0\u1eddng Th\u1ea1nh, M\u1ef9 T\u00e2y, H\u1ed3 Ch\u00ed Minh 70000\"\n\t\t\t><\/iframe>\n\t\t<\/div>\n\t\t\t\t\t\t<\/div>\n\t\t\t\t<\/div>\n\t\t\t\t<\/div>\n\t\t\t\t<\/div>","protected":false},"excerpt":{"rendered":"<p>M\u1ed9t B\u1ed9 Phim Doanh Nghi\u1ec7p \u0110\u00fang H\u01b0\u1edbng Gi\u00fap B\u1ea1n B\u00e1n H\u00e0ng Hi\u1ec7u Qu\u1ea3 H\u01a1n Home \u0110\u01b0a th\u01b0\u01a1ng hi\u1ec7u v\u00e0o tr\u00e1i tim kh\u00e1ch h\u00e0ng b\u1eb1ng nh\u1eefng th\u01b0\u1edbc phim. Li\u00ean H\u1ec7 M2M Production Ngay \u0110\u1ec3 Nh\u1eadn B\u00e1o Gi\u00e1 T\u1ed1t V\u0103n Ph\u00f2ng 36\/72 Nguy\u1ec5n Gia Tr\u00ed, Ph\u01b0\u1eddng Th\u1ea1nh, M\u1ef9 T\u00e2y, H\u1ed3 Ch\u00ed Minh. Email T\u01b0 V\u1ea5n &#038; Nh\u1eadn [&hellip;]<\/p>","protected":false},"author":2,"featured_media":0,"parent":0,"menu_order":0,"comment_status":"closed","ping_status":"closed","template":"","meta":{"_acf_changed":false,"footnotes":""},"class_list":["post-2614","page","type-page","status-publish","hentry"],"acf":[],"yoast_head":"<!-- This site is optimized with the Yoast SEO plugin v25.7 - https:\/\/yoast.com\/wordpress\/plugins\/seo\/ -->\n<title>Li\u00ean H\u1ec7 - Nh\u1eadn B\u00e1o Gi\u00e1 S\u1ea3n Xu\u1ea5t Phim Doanh Nghi\u1ec7p<\/title>\n<meta name=\"description\" content=\"\u0110\u1ec3 nh\u1eadn b\u00e1o gi\u00e1 s\u1ea3n xu\u1ea5t phim doanh nghi\u1ec7p, b\u1ea1n n\u00ean li\u00ean h\u1ec7 hotline 0921.678.266 ho\u1eb7c email cskh@m2mproduction.vn \u0111\u1ec3 \u0111\u01b0\u1ee3c t\u01b0 v\u1ea5n chuy\u00ean s\u00e2u.\" \/>\n<meta name=\"robots\" content=\"index, follow, max-snippet:-1, max-image-preview:large, max-video-preview:-1\" \/>\n<link rel=\"canonical\" href=\"https:\/\/m2mproduction.vn\/en\/lien-he\/\" \/>\n<meta property=\"og:locale\" content=\"en_US\" \/>\n<meta property=\"og:type\" content=\"article\" \/>\n<meta property=\"og:title\" content=\"Li\u00ean H\u1ec7 - Nh\u1eadn B\u00e1o Gi\u00e1 S\u1ea3n Xu\u1ea5t Phim Doanh Nghi\u1ec7p\" \/>\n<meta property=\"og:description\" content=\"\u0110\u1ec3 nh\u1eadn b\u00e1o gi\u00e1 s\u1ea3n xu\u1ea5t phim doanh nghi\u1ec7p, b\u1ea1n n\u00ean li\u00ean h\u1ec7 hotline 0921.678.266 ho\u1eb7c email cskh@m2mproduction.vn \u0111\u1ec3 \u0111\u01b0\u1ee3c t\u01b0 v\u1ea5n chuy\u00ean s\u00e2u.\" \/>\n<meta property=\"og:url\" content=\"https:\/\/m2mproduction.vn\/en\/lien-he\/\" \/>\n<meta property=\"og:site_name\" content=\"M2M\" \/>\n<meta property=\"article:publisher\" content=\"https:\/\/www.facebook.com\/m2mproductionhouse\" \/>\n<meta property=\"article:modified_time\" content=\"2025-08-20T08:10:07+00:00\" \/>\n<meta name=\"twitter:card\" content=\"summary_large_image\" \/>\n<meta name=\"twitter:site\" content=\"@ProductionM2M\" \/>\n<meta name=\"twitter:label1\" content=\"Est. reading time\" \/>\n\t<meta name=\"twitter:data1\" content=\"1 minute\" \/>\n<!-- \/ Yoast SEO plugin. -->","yoast_head_json":{"title":"Li\u00ean H\u1ec7 - Nh\u1eadn B\u00e1o Gi\u00e1 S\u1ea3n Xu\u1ea5t Phim Doanh Nghi\u1ec7p","description":"\u0110\u1ec3 nh\u1eadn b\u00e1o gi\u00e1 s\u1ea3n xu\u1ea5t phim doanh nghi\u1ec7p, b\u1ea1n n\u00ean li\u00ean h\u1ec7 hotline 0921.678.266 ho\u1eb7c email cskh@m2mproduction.vn \u0111\u1ec3 \u0111\u01b0\u1ee3c t\u01b0 v\u1ea5n chuy\u00ean s\u00e2u.","robots":{"index":"index","follow":"follow","max-snippet":"max-snippet:-1","max-image-preview":"max-image-preview:large","max-video-preview":"max-video-preview:-1"},"canonical":"https:\/\/m2mproduction.vn\/en\/lien-he\/","og_locale":"en_US","og_type":"article","og_title":"Li\u00ean H\u1ec7 - Nh\u1eadn B\u00e1o Gi\u00e1 S\u1ea3n Xu\u1ea5t Phim Doanh Nghi\u1ec7p","og_description":"\u0110\u1ec3 nh\u1eadn b\u00e1o gi\u00e1 s\u1ea3n xu\u1ea5t phim doanh nghi\u1ec7p, b\u1ea1n n\u00ean li\u00ean h\u1ec7 hotline 0921.678.266 ho\u1eb7c email cskh@m2mproduction.vn \u0111\u1ec3 \u0111\u01b0\u1ee3c t\u01b0 v\u1ea5n chuy\u00ean s\u00e2u.","og_url":"https:\/\/m2mproduction.vn\/en\/lien-he\/","og_site_name":"M2M","article_publisher":"https:\/\/www.facebook.com\/m2mproductionhouse","article_modified_time":"2025-08-20T08:10:07+00:00","twitter_card":"summary_large_image","twitter_site":"@ProductionM2M","twitter_misc":{"Est. reading time":"1 minute"},"schema":{"@context":"https:\/\/schema.org","@graph":[{"@type":"WebPage","@id":"https:\/\/m2mproduction.vn\/lien-he\/","url":"https:\/\/m2mproduction.vn\/lien-he\/","name":"Li\u00ean H\u1ec7 - Nh\u1eadn B\u00e1o Gi\u00e1 S\u1ea3n Xu\u1ea5t Phim Doanh Nghi\u1ec7p","isPartOf":{"@id":"https:\/\/m2mproduction.vn\/#website"},"datePublished":"2025-08-20T03:10:45+00:00","dateModified":"2025-08-20T08:10:07+00:00","description":"\u0110\u1ec3 nh\u1eadn b\u00e1o gi\u00e1 s\u1ea3n xu\u1ea5t phim doanh nghi\u1ec7p, b\u1ea1n n\u00ean li\u00ean h\u1ec7 hotline 0921.678.266 ho\u1eb7c email cskh@m2mproduction.vn \u0111\u1ec3 \u0111\u01b0\u1ee3c t\u01b0 v\u1ea5n chuy\u00ean s\u00e2u.","breadcrumb":{"@id":"https:\/\/m2mproduction.vn\/lien-he\/#breadcrumb"},"inLanguage":"en-US","potentialAction":[{"@type":"ReadAction","target":["https:\/\/m2mproduction.vn\/lien-he\/"]}]},{"@type":"WebSite","@id":"https:\/\/m2mproduction.vn\/#website","url":"https:\/\/m2mproduction.vn\/","name":"M2M Production","description":"Moments to Memories","publisher":{"@id":"https:\/\/m2mproduction.vn\/#organization"},"potentialAction":[{"@type":"SearchAction","target":{"@type":"EntryPoint","urlTemplate":"https:\/\/m2mproduction.vn\/?s={search_term_string}"},"query-input":{"@type":"PropertyValueSpecification","valueRequired":true,"valueName":"search_term_string"}}],"inLanguage":"en-US"},{"@type":"Organization","@id":"https:\/\/m2mproduction.vn\/#organization","name":"M2M Production","url":"https:\/\/m2mproduction.vn\/","logo":{"@type":"ImageObject","inLanguage":"en-US","@id":"https:\/\/m2mproduction.vn\/#\/schema\/logo\/image\/","url":"https:\/\/m2mproduction.vn\/wp-content\/uploads\/2025\/08\/lam-phim-doanh-nghiep-m2m-production-logo.png","contentUrl":"https:\/\/m2mproduction.vn\/wp-content\/uploads\/2025\/08\/lam-phim-doanh-nghiep-m2m-production-logo.png","width":938,"height":938,"caption":"M2M Production"},"image":{"@id":"https:\/\/m2mproduction.vn\/#\/schema\/logo\/image\/"},"sameAs":["https:\/\/www.facebook.com\/m2mproductionhouse","https:\/\/x.com\/ProductionM2M"]}]}},"_links":{"self":[{"href":"https:\/\/m2mproduction.vn\/en\/wp-json\/wp\/v2\/pages\/2614","targetHints":{"allow":["GET"]}}],"collection":[{"href":"https:\/\/m2mproduction.vn\/en\/wp-json\/wp\/v2\/pages"}],"about":[{"href":"https:\/\/m2mproduction.vn\/en\/wp-json\/wp\/v2\/types\/page"}],"author":[{"embeddable":true,"href":"https:\/\/m2mproduction.vn\/en\/wp-json\/wp\/v2\/users\/2"}],"replies":[{"embeddable":true,"href":"https:\/\/m2mproduction.vn\/en\/wp-json\/wp\/v2\/comments?post=2614"}],"version-history":[{"count":5,"href":"https:\/\/m2mproduction.vn\/en\/wp-json\/wp\/v2\/pages\/2614\/revisions"}],"predecessor-version":[{"id":2760,"href":"https:\/\/m2mproduction.vn\/en\/wp-json\/wp\/v2\/pages\/2614\/revisions\/2760"}],"wp:attachment":[{"href":"https:\/\/m2mproduction.vn\/en\/wp-json\/wp\/v2\/media?parent=2614"}],"curies":[{"name":"wp","href":"https:\/\/api.w.org\/{rel}","templated":true}]}}