{"id":2716,"date":"2025-08-20T07:10:18","date_gmt":"2025-08-20T07:10:18","guid":{"rendered":"https:\/\/m2mproduction.vn\/?page_id=2716"},"modified":"2025-08-21T01:58:13","modified_gmt":"2025-08-21T01:58:13","slug":"tin-tuc","status":"publish","type":"page","link":"https:\/\/m2mproduction.vn\/en\/tin-tuc\/","title":{"rendered":"Tin T\u1ee9c"},"content":{"rendered":"<div data-elementor-type=\"wp-page\" data-elementor-id=\"2716\" class=\"elementor elementor-2716\" data-elementor-post-type=\"page\">\n\t\t\t\t<div class=\"elementor-element elementor-element-151e542e e-flex e-con-boxed e-con e-parent\" data-id=\"151e542e\" data-element_type=\"container\" data-settings=\"{&quot;background_background&quot;:&quot;classic&quot;}\">\n\t\t\t\t\t<div class=\"e-con-inner\">\n\t\t<div class=\"elementor-element elementor-element-62976834 e-con-full e-flex e-con e-child\" data-id=\"62976834\" data-element_type=\"container\" data-settings=\"{&quot;background_background&quot;:&quot;classic&quot;}\">\n\t\t\t\t<div class=\"elementor-element elementor-element-8e01af3 elementor-widget elementor-widget-heading\" data-id=\"8e01af3\" data-element_type=\"widget\" data-widget_type=\"heading.default\">\n\t\t\t\t<div class=\"elementor-widget-container\">\n\t\t\t\t\t<h1 class=\"elementor-heading-title elementor-size-default\">Blog<\/h1>\t\t\t\t<\/div>\n\t\t\t\t<\/div>\n\t\t\t\t<div class=\"elementor-element elementor-element-45f37c5 elementor-widget elementor-widget-text-editor\" data-id=\"45f37c5\" data-element_type=\"widget\" data-widget_type=\"text-editor.default\">\n\t\t\t\t<div class=\"elementor-widget-container\">\n\t\t\t\t\t\t\t\t\t<p><a href=\"https:\/\/m2mproduction.vn\/en\/\">Home<\/a> \/ Tin T\u1ee9c<\/p>\t\t\t\t\t\t\t\t<\/div>\n\t\t\t\t<\/div>\n\t\t\t\t<\/div>\n\t\t\t\t\t<\/div>\n\t\t\t\t<\/div>\n\t\t<div class=\"elementor-element elementor-element-1d830752 e-flex e-con-boxed e-con e-parent\" data-id=\"1d830752\" data-element_type=\"container\">\n\t\t\t\t\t<div class=\"e-con-inner\">\n\t\t\t\t<div class=\"elementor-element elementor-element-cd8b672 elementor-grid-3 elementor-grid-tablet-2 elementor-grid-mobile-1 elementor-posts--thumbnail-top elementor-invisible elementor-widget elementor-widget-posts\" data-id=\"cd8b672\" data-element_type=\"widget\" data-settings=\"{&quot;classic_masonry&quot;:&quot;yes&quot;,&quot;_animation&quot;:&quot;rollIn&quot;,&quot;classic_columns&quot;:&quot;3&quot;,&quot;classic_columns_tablet&quot;:&quot;2&quot;,&quot;classic_columns_mobile&quot;:&quot;1&quot;,&quot;classic_row_gap&quot;:{&quot;unit&quot;:&quot;px&quot;,&quot;size&quot;:35,&quot;sizes&quot;:[]},&quot;classic_row_gap_tablet&quot;:{&quot;unit&quot;:&quot;px&quot;,&quot;size&quot;:&quot;&quot;,&quot;sizes&quot;:[]},&quot;classic_row_gap_mobile&quot;:{&quot;unit&quot;:&quot;px&quot;,&quot;size&quot;:&quot;&quot;,&quot;sizes&quot;:[]}}\" data-widget_type=\"posts.classic\">\n\t\t\t\t<div class=\"elementor-widget-container\">\n\t\t\t\t\t\t\t<div class=\"elementor-posts-container elementor-posts elementor-posts--skin-classic elementor-grid\">\n\t\t\t\t<article class=\"elementor-post elementor-grid-item post-504 post type-post status-publish format-standard has-post-thumbnail hentry category-blog\">\n\t\t\t\t<a class=\"elementor-post__thumbnail__link\" href=\"https:\/\/m2mproduction.vn\/en\/8-ung-dung-chinh-sua-video-ai-tot-nhat-tren-android\/\" tabindex=\"-1\" >\n\t\t\t<div class=\"elementor-post__thumbnail\"><img fetchpriority=\"high\" decoding=\"async\" width=\"750\" height=\"425\" src=\"https:\/\/m2mproduction.vn\/wp-content\/uploads\/2025\/02\/Peran-Penting-Video-Clip-Pada-Musik.jpg\" class=\"attachment-full size-full wp-image-499\" alt=\"\" srcset=\"https:\/\/m2mproduction.vn\/wp-content\/uploads\/2025\/02\/Peran-Penting-Video-Clip-Pada-Musik.jpg 750w, https:\/\/m2mproduction.vn\/wp-content\/uploads\/2025\/02\/Peran-Penting-Video-Clip-Pada-Musik-300x170.jpg 300w\" sizes=\"(max-width: 750px) 100vw, 750px\" \/><\/div>\n\t\t<\/a>\n\t\t\t\t<div class=\"elementor-post__text\">\n\t\t\t\t<h3 class=\"elementor-post__title\">\n\t\t\t<a href=\"https:\/\/m2mproduction.vn\/en\/8-ung-dung-chinh-sua-video-ai-tot-nhat-tren-android\/\" >\n\t\t\t\t8 \u1ee8ng D\u1ee5ng Ch\u1ec9nh S\u1eeda Video AI T\u1ed1t Nh\u1ea5t Tr\u00ean Android\t\t\t<\/a>\n\t\t<\/h3>\n\t\t\t\t<div class=\"elementor-post__meta-data\">\n\t\t\t\t\t<span class=\"elementor-post-date\">\n\t\t\tFebruary 19, 2025\t\t<\/span>\n\t\t\t\t<span class=\"elementor-post-avatar\">\n\t\t\tNo Comments\t\t<\/span>\n\t\t\t\t<\/div>\n\t\t\t\t<div class=\"elementor-post__excerpt\">\n\t\t\t<p>Trong th\u1eddi \u0111\u1ea1i hi\u1ec7n nay, video l\u00e0 m\u1ed9t trong nh\u1eefng ph\u01b0\u01a1ng ti\u1ec7n t\u1ed1t nh\u1ea5t \u0111\u1ec3 chia s\u1ebb kho\u1ea3nh kh\u1eafc ho\u1eb7c th\u1ea3o lu\u1eadn v\u1ec1 c\u00e1c ch\u1ee7 \u0111\u1ec1 th\u00fa v\u1ecb. H\u01a1n n\u1eefa, video c\u00f2n c\u00f3 th\u1ec3 gi\u00fap nhi\u1ec1u ng\u01b0\u1eddi ki\u1ebfm thu nh\u1eadp t\u1eeb qu\u1ea3ng c\u00e1o tr\u00ean c\u00e1c n\u1ec1n t\u1ea3ng nh\u01b0 YouTube v\u00e0<\/p>\n\t\t<\/div>\n\t\t\n\t\t<a class=\"elementor-post__read-more\" href=\"https:\/\/m2mproduction.vn\/en\/8-ung-dung-chinh-sua-video-ai-tot-nhat-tren-android\/\" aria-label=\"Read more about 8 \u1ee8ng D\u1ee5ng Ch\u1ec9nh S\u1eeda Video AI T\u1ed1t Nh\u1ea5t Tr\u00ean Android\" tabindex=\"-1\" >\n\t\t\tXem Th\u00eam\t\t<\/a>\n\n\t\t\t\t<\/div>\n\t\t\t\t<\/article>\n\t\t\t\t<article class=\"elementor-post elementor-grid-item post-502 post type-post status-publish format-standard has-post-thumbnail hentry category-blog\">\n\t\t\t\t<a class=\"elementor-post__thumbnail__link\" href=\"https:\/\/m2mproduction.vn\/en\/8-ung-dung-chinh-sua-video-mien-phi-su-dung-cong-nghe-ai\/\" tabindex=\"-1\" >\n\t\t\t<div class=\"elementor-post__thumbnail\"><img decoding=\"async\" width=\"990\" height=\"840\" src=\"https:\/\/m2mproduction.vn\/wp-content\/uploads\/2025\/02\/person-using-laptop-using-artificial-intelligence-generate-images-990x840-990x840-1.jpg\" class=\"attachment-full size-full wp-image-500\" alt=\"\" srcset=\"https:\/\/m2mproduction.vn\/wp-content\/uploads\/2025\/02\/person-using-laptop-using-artificial-intelligence-generate-images-990x840-990x840-1.jpg 990w, https:\/\/m2mproduction.vn\/wp-content\/uploads\/2025\/02\/person-using-laptop-using-artificial-intelligence-generate-images-990x840-990x840-1-300x255.jpg 300w, https:\/\/m2mproduction.vn\/wp-content\/uploads\/2025\/02\/person-using-laptop-using-artificial-intelligence-generate-images-990x840-990x840-1-768x652.jpg 768w\" sizes=\"(max-width: 990px) 100vw, 990px\" \/><\/div>\n\t\t<\/a>\n\t\t\t\t<div class=\"elementor-post__text\">\n\t\t\t\t<h3 class=\"elementor-post__title\">\n\t\t\t<a href=\"https:\/\/m2mproduction.vn\/en\/8-ung-dung-chinh-sua-video-mien-phi-su-dung-cong-nghe-ai\/\" >\n\t\t\t\t8 \u1ee8ng D\u1ee5ng Ch\u1ec9nh S\u1eeda Video Mi\u1ec5n Ph\u00ed S\u1eed D\u1ee5ng C\u00f4ng Ngh\u1ec7 AI\t\t\t<\/a>\n\t\t<\/h3>\n\t\t\t\t<div class=\"elementor-post__meta-data\">\n\t\t\t\t\t<span class=\"elementor-post-date\">\n\t\t\tFebruary 19, 2025\t\t<\/span>\n\t\t\t\t<span class=\"elementor-post-avatar\">\n\t\t\tNo Comments\t\t<\/span>\n\t\t\t\t<\/div>\n\t\t\t\t<div class=\"elementor-post__excerpt\">\n\t\t\t<p>S\u1ef1 ph\u00e1t tri\u1ec3n nhanh ch\u00f3ng c\u1ee7a c\u00f4ng ngh\u1ec7 \u0111\u01b0\u1ee3c \u0111\u00e1nh d\u1ea5u b\u1edfi s\u1ef1 xu\u1ea5t hi\u1ec7n c\u1ee7a Tr\u00ed tu\u1ec7 nh\u00e2n t\u1ea1o (AI), gi\u00fap con ng\u01b0\u1eddi d\u1ec5 d\u00e0ng th\u1ef1c hi\u1ec7n nhi\u1ec1u c\u00f4ng vi\u1ec7c h\u01a1n. AI c\u0169ng c\u00f3 \u1ea3nh h\u01b0\u1edfng l\u1edbn \u0111\u1ebfn l\u0129nh v\u1ef1c ch\u1ec9nh s\u1eeda video, thay \u0111\u1ed5i c\u00e1ch c\u00e1c nh\u00e0 s\u00e1ng<\/p>\n\t\t<\/div>\n\t\t\n\t\t<a class=\"elementor-post__read-more\" href=\"https:\/\/m2mproduction.vn\/en\/8-ung-dung-chinh-sua-video-mien-phi-su-dung-cong-nghe-ai\/\" aria-label=\"Read more about 8 \u1ee8ng D\u1ee5ng Ch\u1ec9nh S\u1eeda Video Mi\u1ec5n Ph\u00ed S\u1eed D\u1ee5ng C\u00f4ng Ngh\u1ec7 AI\" tabindex=\"-1\" >\n\t\t\tXem Th\u00eam\t\t<\/a>\n\n\t\t\t\t<\/div>\n\t\t\t\t<\/article>\n\t\t\t\t<article class=\"elementor-post elementor-grid-item post-497 post type-post status-publish format-standard has-post-thumbnail hentry category-blog\">\n\t\t\t\t<a class=\"elementor-post__thumbnail__link\" href=\"https:\/\/m2mproduction.vn\/en\/switcher-video-la-gi-cung-tim-hieu-chuc-nang-cua-no\/\" tabindex=\"-1\" >\n\t\t\t<div class=\"elementor-post__thumbnail\"><img decoding=\"async\" width=\"990\" height=\"840\" src=\"https:\/\/m2mproduction.vn\/wp-content\/uploads\/2025\/02\/Mengenal-Switcher-Video-990x779-990x840-1.jpg\" class=\"attachment-full size-full wp-image-498\" alt=\"\" srcset=\"https:\/\/m2mproduction.vn\/wp-content\/uploads\/2025\/02\/Mengenal-Switcher-Video-990x779-990x840-1.jpg 990w, https:\/\/m2mproduction.vn\/wp-content\/uploads\/2025\/02\/Mengenal-Switcher-Video-990x779-990x840-1-300x255.jpg 300w, https:\/\/m2mproduction.vn\/wp-content\/uploads\/2025\/02\/Mengenal-Switcher-Video-990x779-990x840-1-768x652.jpg 768w\" sizes=\"(max-width: 990px) 100vw, 990px\" \/><\/div>\n\t\t<\/a>\n\t\t\t\t<div class=\"elementor-post__text\">\n\t\t\t\t<h3 class=\"elementor-post__title\">\n\t\t\t<a href=\"https:\/\/m2mproduction.vn\/en\/switcher-video-la-gi-cung-tim-hieu-chuc-nang-cua-no\/\" >\n\t\t\t\tSwitcher Video L\u00e0 G\u00ec? C\u00f9ng T\u00ecm Hi\u1ec3u Ch\u1ee9c N\u0103ng C\u1ee7a N\u00f3\t\t\t<\/a>\n\t\t<\/h3>\n\t\t\t\t<div class=\"elementor-post__meta-data\">\n\t\t\t\t\t<span class=\"elementor-post-date\">\n\t\t\tFebruary 19, 2025\t\t<\/span>\n\t\t\t\t<span class=\"elementor-post-avatar\">\n\t\t\tNo Comments\t\t<\/span>\n\t\t\t\t<\/div>\n\t\t\t\t<div class=\"elementor-post__excerpt\">\n\t\t\t<p>Switcher video, hay c\u00f2n g\u1ecdi l\u00e0 b\u1ed9 chuy\u1ec3n \u0111\u1ed5i video, l\u00e0 thi\u1ebft b\u1ecb \u0111\u01b0\u1ee3c s\u1eed d\u1ee5ng \u0111\u1ec3 k\u1ebft h\u1ee3p v\u00e0 l\u1ef1a ch\u1ecdn ngu\u1ed3n video s\u1ebd hi\u1ec3n th\u1ecb tr\u00ean m\u00e0n h\u00ecnh ho\u1eb7c truy\u1ec1n ph\u00e1t tr\u1ef1c ti\u1ebfp. N\u1ebfu b\u1ea1n \u0111\u00e3 t\u1eebng xem c\u00e1c ch\u01b0\u01a1ng tr\u00ecnh truy\u1ec1n h\u00ecnh ho\u1eb7c s\u1ef1 ki\u1ec7n tr\u1ef1c ti\u1ebfp<\/p>\n\t\t<\/div>\n\t\t\n\t\t<a class=\"elementor-post__read-more\" href=\"https:\/\/m2mproduction.vn\/en\/switcher-video-la-gi-cung-tim-hieu-chuc-nang-cua-no\/\" aria-label=\"Read more about Switcher Video L\u00e0 G\u00ec? C\u00f9ng T\u00ecm Hi\u1ec3u Ch\u1ee9c N\u0103ng C\u1ee7a N\u00f3\" tabindex=\"-1\" >\n\t\t\tXem Th\u00eam\t\t<\/a>\n\n\t\t\t\t<\/div>\n\t\t\t\t<\/article>\n\t\t\t\t<article class=\"elementor-post elementor-grid-item post-494 post type-post status-publish format-standard has-post-thumbnail hentry category-blog\">\n\t\t\t\t<a class=\"elementor-post__thumbnail__link\" href=\"https:\/\/m2mproduction.vn\/en\/tim-hieu-cam-bien-may-anh-aps-c-uu-va-nhuoc-diem\/\" tabindex=\"-1\" >\n\t\t\t<div class=\"elementor-post__thumbnail\"><img loading=\"lazy\" decoding=\"async\" width=\"990\" height=\"840\" src=\"https:\/\/m2mproduction.vn\/wp-content\/uploads\/2025\/02\/Sensor-APS-C-Pada-Kamera_Jasa-Video-EPS-PRODUCTION-1-990x840-990x840-1.jpeg\" class=\"attachment-full size-full wp-image-495\" alt=\"\" srcset=\"https:\/\/m2mproduction.vn\/wp-content\/uploads\/2025\/02\/Sensor-APS-C-Pada-Kamera_Jasa-Video-EPS-PRODUCTION-1-990x840-990x840-1.jpeg 990w, https:\/\/m2mproduction.vn\/wp-content\/uploads\/2025\/02\/Sensor-APS-C-Pada-Kamera_Jasa-Video-EPS-PRODUCTION-1-990x840-990x840-1-300x255.jpeg 300w, https:\/\/m2mproduction.vn\/wp-content\/uploads\/2025\/02\/Sensor-APS-C-Pada-Kamera_Jasa-Video-EPS-PRODUCTION-1-990x840-990x840-1-768x652.jpeg 768w\" sizes=\"(max-width: 990px) 100vw, 990px\" \/><\/div>\n\t\t<\/a>\n\t\t\t\t<div class=\"elementor-post__text\">\n\t\t\t\t<h3 class=\"elementor-post__title\">\n\t\t\t<a href=\"https:\/\/m2mproduction.vn\/en\/tim-hieu-cam-bien-may-anh-aps-c-uu-va-nhuoc-diem\/\" >\n\t\t\t\tT\u00ecm Hi\u1ec3u C\u1ea3m Bi\u1ebfn M\u00e1y \u1ea2nh APS-C: \u01afu V\u00e0 Nh\u01b0\u1ee3c \u0110i\u1ec3m!\t\t\t<\/a>\n\t\t<\/h3>\n\t\t\t\t<div class=\"elementor-post__meta-data\">\n\t\t\t\t\t<span class=\"elementor-post-date\">\n\t\t\tFebruary 19, 2025\t\t<\/span>\n\t\t\t\t<span class=\"elementor-post-avatar\">\n\t\t\tNo Comments\t\t<\/span>\n\t\t\t\t<\/div>\n\t\t\t\t<div class=\"elementor-post__excerpt\">\n\t\t\t<p>C\u1ea3m bi\u1ebfn APS-C (Advanced Photo System type-C) l\u00e0 lo\u1ea1i c\u1ea3m bi\u1ebfn h\u00ecnh \u1ea3nh ph\u1ed5 bi\u1ebfn trong m\u00e1y \u1ea3nh k\u1ef9 thu\u1eadt s\u1ed1, \u0111\u1eb7c bi\u1ec7t l\u00e0 tr\u00ean c\u00e1c d\u00f2ng m\u00e1y \u1ea3nh DSLR v\u00e0 mirrorless. K\u00edch th\u01b0\u1edbc c\u1ee7a n\u00f3 kho\u1ea3ng 22,5 x 15 mm, nh\u1ecf h\u01a1n so v\u1edbi c\u1ea3m bi\u1ebfn full-frame nh\u01b0ng l\u1edbn<\/p>\n\t\t<\/div>\n\t\t\n\t\t<a class=\"elementor-post__read-more\" href=\"https:\/\/m2mproduction.vn\/en\/tim-hieu-cam-bien-may-anh-aps-c-uu-va-nhuoc-diem\/\" aria-label=\"Read more about T\u00ecm Hi\u1ec3u C\u1ea3m Bi\u1ebfn M\u00e1y \u1ea2nh APS-C: \u01afu V\u00e0 Nh\u01b0\u1ee3c \u0110i\u1ec3m!\" tabindex=\"-1\" >\n\t\t\tXem Th\u00eam\t\t<\/a>\n\n\t\t\t\t<\/div>\n\t\t\t\t<\/article>\n\t\t\t\t<article class=\"elementor-post elementor-grid-item post-478 post type-post status-publish format-standard has-post-thumbnail hentry category-blog\">\n\t\t\t\t<a class=\"elementor-post__thumbnail__link\" href=\"https:\/\/m2mproduction.vn\/en\/video-ca-nhac-la-gi-va-cach-tao-video-clip-an-tuong\/\" tabindex=\"-1\" >\n\t\t\t<div class=\"elementor-post__thumbnail\"><img loading=\"lazy\" decoding=\"async\" width=\"2560\" height=\"1707\" src=\"https:\/\/m2mproduction.vn\/wp-content\/uploads\/2025\/02\/man-filming-with-professional-camera-scaled.jpg\" class=\"attachment-full size-full wp-image-479\" alt=\"\" srcset=\"https:\/\/m2mproduction.vn\/wp-content\/uploads\/2025\/02\/man-filming-with-professional-camera-scaled.jpg 2560w, https:\/\/m2mproduction.vn\/wp-content\/uploads\/2025\/02\/man-filming-with-professional-camera-300x200.jpg 300w, https:\/\/m2mproduction.vn\/wp-content\/uploads\/2025\/02\/man-filming-with-professional-camera-1024x683.jpg 1024w, https:\/\/m2mproduction.vn\/wp-content\/uploads\/2025\/02\/man-filming-with-professional-camera-768x512.jpg 768w, https:\/\/m2mproduction.vn\/wp-content\/uploads\/2025\/02\/man-filming-with-professional-camera-1536x1024.jpg 1536w, https:\/\/m2mproduction.vn\/wp-content\/uploads\/2025\/02\/man-filming-with-professional-camera-2048x1365.jpg 2048w\" sizes=\"(max-width: 2560px) 100vw, 2560px\" \/><\/div>\n\t\t<\/a>\n\t\t\t\t<div class=\"elementor-post__text\">\n\t\t\t\t<h3 class=\"elementor-post__title\">\n\t\t\t<a href=\"https:\/\/m2mproduction.vn\/en\/video-ca-nhac-la-gi-va-cach-tao-video-clip-an-tuong\/\" >\n\t\t\t\tVideo Ca Nh\u1ea1c L\u00e0 G\u00ec v\u00e0 C\u00e1ch T\u1ea1o Video Clip \u1ea4n T\u01b0\u1ee3ng?\t\t\t<\/a>\n\t\t<\/h3>\n\t\t\t\t<div class=\"elementor-post__meta-data\">\n\t\t\t\t\t<span class=\"elementor-post-date\">\n\t\t\tFebruary 19, 2025\t\t<\/span>\n\t\t\t\t<span class=\"elementor-post-avatar\">\n\t\t\tNo Comments\t\t<\/span>\n\t\t\t\t<\/div>\n\t\t\t\t<div class=\"elementor-post__excerpt\">\n\t\t\t<p>Video ca nh\u1ea1c l\u00e0 g\u00ec? Video ca nh\u1ea1c (hay video clip) l\u00e0 s\u1ef1 k\u1ebft h\u1ee3p gi\u1eefa h\u00ecnh \u1ea3nh v\u00e0 \u00e2m thanh, \u0111\u01b0\u1ee3c thi\u1ebft k\u1ebf \u0111\u1ec3 qu\u1ea3ng b\u00e1 m\u1ed9t b\u00e0i h\u00e1t v\u00e0 truy\u1ec1n t\u1ea3i \u00fd ngh\u0129a c\u1ee7a b\u00e0i h\u00e1t \u0111\u00f3 qua h\u00ecnh \u1ea3nh. Ch\u00fang th\u01b0\u1eddng c\u00f3 s\u1ef1 xu\u1ea5t hi\u1ec7n c\u1ee7a ngh\u1ec7<\/p>\n\t\t<\/div>\n\t\t\n\t\t<a class=\"elementor-post__read-more\" href=\"https:\/\/m2mproduction.vn\/en\/video-ca-nhac-la-gi-va-cach-tao-video-clip-an-tuong\/\" aria-label=\"Read more about Video Ca Nh\u1ea1c L\u00e0 G\u00ec v\u00e0 C\u00e1ch T\u1ea1o Video Clip \u1ea4n T\u01b0\u1ee3ng?\" tabindex=\"-1\" >\n\t\t\tXem Th\u00eam\t\t<\/a>\n\n\t\t\t\t<\/div>\n\t\t\t\t<\/article>\n\t\t\t\t<article class=\"elementor-post elementor-grid-item post-461 post type-post status-publish format-standard has-post-thumbnail hentry category-blog\">\n\t\t\t\t<a class=\"elementor-post__thumbnail__link\" href=\"https:\/\/m2mproduction.vn\/en\/8-ly-do-doanh-nghiep-nen-su-dung-production-house\/\" tabindex=\"-1\" >\n\t\t\t<div class=\"elementor-post__thumbnail\"><img loading=\"lazy\" decoding=\"async\" width=\"990\" height=\"840\" src=\"https:\/\/m2mproduction.vn\/wp-content\/uploads\/2025\/02\/Jasa-Pembuatan-Video-Professional-990x840-990x840-1.png\" class=\"attachment-full size-full wp-image-463\" alt=\"\" srcset=\"https:\/\/m2mproduction.vn\/wp-content\/uploads\/2025\/02\/Jasa-Pembuatan-Video-Professional-990x840-990x840-1.png 990w, https:\/\/m2mproduction.vn\/wp-content\/uploads\/2025\/02\/Jasa-Pembuatan-Video-Professional-990x840-990x840-1-300x255.png 300w, https:\/\/m2mproduction.vn\/wp-content\/uploads\/2025\/02\/Jasa-Pembuatan-Video-Professional-990x840-990x840-1-768x652.png 768w\" sizes=\"(max-width: 990px) 100vw, 990px\" \/><\/div>\n\t\t<\/a>\n\t\t\t\t<div class=\"elementor-post__text\">\n\t\t\t\t<h3 class=\"elementor-post__title\">\n\t\t\t<a href=\"https:\/\/m2mproduction.vn\/en\/8-ly-do-doanh-nghiep-nen-su-dung-production-house\/\" >\n\t\t\t\t8 L\u00fd Do Doanh Nghi\u1ec7p N\u00ean S\u1eed D\u1ee5ng Production House\t\t\t<\/a>\n\t\t<\/h3>\n\t\t\t\t<div class=\"elementor-post__meta-data\">\n\t\t\t\t\t<span class=\"elementor-post-date\">\n\t\t\tFebruary 19, 2025\t\t<\/span>\n\t\t\t\t<span class=\"elementor-post-avatar\">\n\t\t\tNo Comments\t\t<\/span>\n\t\t\t\t<\/div>\n\t\t\t\t<div class=\"elementor-post__excerpt\">\n\t\t\t<p>Trong th\u1eddi \u0111\u1ea1i ng\u00e0y nay, n\u1ed9i dung nghe nh\u00ecn \u0111\u00e3 tr\u1edf th\u00e0nh m\u1ed9t nhu c\u1ea7u thi\u1ebft y\u1ebfu c\u1ee7a m\u1ed7i c\u00e1 nh\u00e2n. Kh\u00f4ng c\u00f3 g\u00ec b\u00ed m\u1eadt khi video \u0111\u00e3 thay \u0111\u1ed5i phong c\u00e1ch s\u1ed1ng c\u1ee7a ch\u00fang ta, \u0111\u1ed3ng th\u1eddi tr\u1edf th\u00e0nh m\u1ed9t c\u00f4ng c\u1ee5 quan tr\u1ecdng v\u00e0 c\u00f3 \u1ea3nh h\u01b0\u1edfng<\/p>\n\t\t<\/div>\n\t\t\n\t\t<a class=\"elementor-post__read-more\" href=\"https:\/\/m2mproduction.vn\/en\/8-ly-do-doanh-nghiep-nen-su-dung-production-house\/\" aria-label=\"Read more about 8 L\u00fd Do Doanh Nghi\u1ec7p N\u00ean S\u1eed D\u1ee5ng Production House\" tabindex=\"-1\" >\n\t\t\tXem Th\u00eam\t\t<\/a>\n\n\t\t\t\t<\/div>\n\t\t\t\t<\/article>\n\t\t\t\t<\/div>\n\t\t\n\t\t\t\t\t\t<\/div>\n\t\t\t\t<\/div>\n\t\t\t\t\t<\/div>\n\t\t\t\t<\/div>\n\t\t\t\t<\/div>","protected":false},"excerpt":{"rendered":"<p>Blog Home \/ Tin T\u1ee9c<\/p>","protected":false},"author":2,"featured_media":0,"parent":0,"menu_order":0,"comment_status":"closed","ping_status":"closed","template":"","meta":{"_acf_changed":false,"footnotes":""},"class_list":["post-2716","page","type-page","status-publish","hentry"],"acf":[],"yoast_head":"<!-- This site is optimized with the Yoast SEO plugin v25.7 - https:\/\/yoast.com\/wordpress\/plugins\/seo\/ -->\n<title>Tin T\u1ee9c - M2M<\/title>\n<meta name=\"robots\" content=\"index, follow, max-snippet:-1, max-image-preview:large, max-video-preview:-1\" \/>\n<link rel=\"canonical\" href=\"https:\/\/m2mproduction.vn\/en\/tin-tuc\/\" \/>\n<meta property=\"og:locale\" content=\"en_US\" \/>\n<meta property=\"og:type\" content=\"article\" \/>\n<meta property=\"og:title\" content=\"Tin T\u1ee9c - M2M\" \/>\n<meta property=\"og:description\" content=\"Blog Home \/ Tin T\u1ee9c\" \/>\n<meta property=\"og:url\" content=\"https:\/\/m2mproduction.vn\/en\/tin-tuc\/\" \/>\n<meta property=\"og:site_name\" content=\"M2M\" \/>\n<meta property=\"article:publisher\" content=\"https:\/\/www.facebook.com\/m2mproductionhouse\" \/>\n<meta property=\"article:modified_time\" content=\"2025-08-21T01:58:13+00:00\" \/>\n<meta name=\"twitter:card\" content=\"summary_large_image\" \/>\n<meta name=\"twitter:site\" content=\"@ProductionM2M\" \/>\n<meta name=\"twitter:label1\" content=\"Est. reading time\" \/>\n\t<meta name=\"twitter:data1\" content=\"6 minutes\" \/>\n<!-- \/ Yoast SEO plugin. -->","yoast_head_json":{"title":"Tin T\u1ee9c - M2M","robots":{"index":"index","follow":"follow","max-snippet":"max-snippet:-1","max-image-preview":"max-image-preview:large","max-video-preview":"max-video-preview:-1"},"canonical":"https:\/\/m2mproduction.vn\/en\/tin-tuc\/","og_locale":"en_US","og_type":"article","og_title":"Tin T\u1ee9c - M2M","og_description":"Blog Home \/ Tin T\u1ee9c","og_url":"https:\/\/m2mproduction.vn\/en\/tin-tuc\/","og_site_name":"M2M","article_publisher":"https:\/\/www.facebook.com\/m2mproductionhouse","article_modified_time":"2025-08-21T01:58:13+00:00","twitter_card":"summary_large_image","twitter_site":"@ProductionM2M","twitter_misc":{"Est. reading time":"6 minutes"},"schema":{"@context":"https:\/\/schema.org","@graph":[{"@type":"WebPage","@id":"https:\/\/m2mproduction.vn\/tin-tuc\/","url":"https:\/\/m2mproduction.vn\/tin-tuc\/","name":"Tin T\u1ee9c - M2M","isPartOf":{"@id":"https:\/\/m2mproduction.vn\/#website"},"datePublished":"2025-08-20T07:10:18+00:00","dateModified":"2025-08-21T01:58:13+00:00","breadcrumb":{"@id":"https:\/\/m2mproduction.vn\/tin-tuc\/#breadcrumb"},"inLanguage":"en-US","potentialAction":[{"@type":"ReadAction","target":["https:\/\/m2mproduction.vn\/tin-tuc\/"]}]},{"@type":"WebSite","@id":"https:\/\/m2mproduction.vn\/#website","url":"https:\/\/m2mproduction.vn\/","name":"M2M Production","description":"Moments to Memories","publisher":{"@id":"https:\/\/m2mproduction.vn\/#organization"},"potentialAction":[{"@type":"SearchAction","target":{"@type":"EntryPoint","urlTemplate":"https:\/\/m2mproduction.vn\/?s={search_term_string}"},"query-input":{"@type":"PropertyValueSpecification","valueRequired":true,"valueName":"search_term_string"}}],"inLanguage":"en-US"},{"@type":"Organization","@id":"https:\/\/m2mproduction.vn\/#organization","name":"M2M Production","url":"https:\/\/m2mproduction.vn\/","logo":{"@type":"ImageObject","inLanguage":"en-US","@id":"https:\/\/m2mproduction.vn\/#\/schema\/logo\/image\/","url":"https:\/\/m2mproduction.vn\/wp-content\/uploads\/2025\/08\/lam-phim-doanh-nghiep-m2m-production-logo.png","contentUrl":"https:\/\/m2mproduction.vn\/wp-content\/uploads\/2025\/08\/lam-phim-doanh-nghiep-m2m-production-logo.png","width":938,"height":938,"caption":"M2M Production"},"image":{"@id":"https:\/\/m2mproduction.vn\/#\/schema\/logo\/image\/"},"sameAs":["https:\/\/www.facebook.com\/m2mproductionhouse","https:\/\/x.com\/ProductionM2M"]}]}},"_links":{"self":[{"href":"https:\/\/m2mproduction.vn\/en\/wp-json\/wp\/v2\/pages\/2716","targetHints":{"allow":["GET"]}}],"collection":[{"href":"https:\/\/m2mproduction.vn\/en\/wp-json\/wp\/v2\/pages"}],"about":[{"href":"https:\/\/m2mproduction.vn\/en\/wp-json\/wp\/v2\/types\/page"}],"author":[{"embeddable":true,"href":"https:\/\/m2mproduction.vn\/en\/wp-json\/wp\/v2\/users\/2"}],"replies":[{"embeddable":true,"href":"https:\/\/m2mproduction.vn\/en\/wp-json\/wp\/v2\/comments?post=2716"}],"version-history":[{"count":5,"href":"https:\/\/m2mproduction.vn\/en\/wp-json\/wp\/v2\/pages\/2716\/revisions"}],"predecessor-version":[{"id":2808,"href":"https:\/\/m2mproduction.vn\/en\/wp-json\/wp\/v2\/pages\/2716\/revisions\/2808"}],"wp:attachment":[{"href":"https:\/\/m2mproduction.vn\/en\/wp-json\/wp\/v2\/media?parent=2716"}],"curies":[{"name":"wp","href":"https:\/\/api.w.org\/{rel}","templated":true}]}}